{"id":398,"date":"2022-09-15T15:43:10","date_gmt":"2022-09-15T13:43:10","guid":{"rendered":"https:\/\/apexgym.hu\/?page_id=398"},"modified":"2024-06-07T15:44:21","modified_gmt":"2024-06-07T13:44:21","slug":"hazirend","status":"publish","type":"page","link":"https:\/\/apexgym.hu\/en\/hazirend\/","title":{"rendered":"H\u00e1zirend"},"content":{"rendered":"<div id=\"wp-block-themeisle-blocks-advanced-columns-f111f4a0\" class=\"wp-block-themeisle-blocks-advanced-columns has-1-columns has-desktop-equal-layout has-tablet-equal-layout has-mobile-equal-layout has-vertical-unset\"><div class=\"wp-block-themeisle-blocks-advanced-columns-overlay\"><\/div><div class=\"innerblocks-wrap\">\n<div id=\"wp-block-themeisle-blocks-advanced-column-7db6f94e\" class=\"wp-block-themeisle-blocks-advanced-column\">\n<p>APEX Gym Buda\u00f6rs &#8211; edz\u0151terem<\/p>\n\n\n\n<p>Az APEX Gym Buda\u00f6rs (tov\u00e1bbiakban: APEX) \u00fczemeltet\u00e9s\u00e9t a <strong>Atreus Gym Kft<\/strong>. (telephely: <a href=\"x-apple-data-detectors:\/\/11\">1148 Budapest, Padlizs\u00e1n utca 24.<\/a>\u00a0Fsz. 2. ajt\u00f3.) v\u00e9gzi.<\/p>\n\n\n\n<p>A h\u00e1zirend c\u00e9lja, hogy meghat\u00e1rozza azokat az alapvet\u0151 szab\u00e1lyokat, amelyek az edz\u0151terem biztons\u00e1gos, rendeltet\u00e9sszer\u0171 \u00fczemeltet\u00e9s\u00e9hez, \u00e1llag\u00e1nak meg\u0151rz\u00e9s\u00e9hez, ez\u00e1ltal magas sz\u00ednvonal\u00fa m\u0171k\u00f6d\u00e9s\u00e9hez sz\u00fcks\u00e9gesek. Tov\u00e1bb\u00e1, hogy el\u0151\u00edrja azokat a viselked\u00e9si elv\u00e1r\u00e1sokat, melyek minden vend\u00e9g zavartalan sportol\u00e1s\u00e1t \u00e9s kikapcsol\u00f3d\u00e1s\u00e1t szolg\u00e1lj\u00e1k.<\/p>\n\n\n\n<p>Az APEX h\u00e1zirendj\u00e9ben foglaltak a klub ter\u00fclet\u00e9n tart\u00f3zkod\u00f3, tov\u00e1bb\u00e1 a klub szolg\u00e1ltat\u00e1sait ig\u00e9nybe vev\u0151 minden vend\u00e9gre k\u00f6telez\u0151ek. A szolg\u00e1ltat\u00e1sok ig\u00e9nybev\u00e9tele a h\u00e1zirend egyidej\u0171 elfogad\u00e1s\u00e1t is jelenti.<\/p>\n\n\n\n<p>Az APEX jelen h\u00e1zirendje minden vend\u00e9g sz\u00e1m\u00e1ra szabadon, az APEX el\u0151ter\u00e9ben tov\u00e1bb\u00e1 a&nbsp;<a href=\"https:\/\/apexgym.hu\/en\/\">www.apexgym.hu<\/a>&nbsp;oldalon el\u00e9rhet\u0151 \u00e9s \u00e1ttekinthet\u0151.<\/p>\n\n\n\n<p>\u00d6n, mint klubtagunk vagy k\u00e9pvisel\u0151je kijelenti, hogy megfelel\u0151 eg\u00e9szs\u00e9g\u00fcgyi \u00e1llapotban van \u00e9s az APEX-ben bek\u00f6vetkez\u0151 esetleges eg\u00e9szs\u00e9g\u00fcgyi probl\u00e9m\u00e1k, baleset eset\u00e9n a terem szem\u00e9lyzet\u00e9t \u00e9s vezet\u0151s\u00e9g\u00e9t felel\u0151ss\u00e9g nem terheli.<\/p>\n\n\n\n<p>Az APEX sportter\u00fcleteire bel\u00e9pni csak \u00e9rv\u00e9nyes napijeggyel, b\u00e9rlettel vagy prom\u00f3ci\u00f3b\u00f3l sz\u00e1rmaz\u00f3 ingyenes napijeggyel lehet. A sportszolg\u00e1ltat\u00e1sok d\u00edjait a bel\u00e9p\u00e9skor el\u0151re kell megfizetni. A b\u00e9rletek lej\u00e1rtakor az esetlegesen fennmaradt alkalom \u00e9s a p\u00e9nz\u00f6sszeg nem vihet\u0151 \u00e1t a k\u00f6vetkez\u0151 b\u00e9rletre. Hosszabb\u00edt\u00e1s csak az \u00fczemeltet\u0151 egyedi elb\u00edr\u00e1l\u00e1sa alapj\u00e1n lehets\u00e9ges. A prom\u00f3ci\u00f3b\u00f3l sz\u00e1rmaz\u00f3 ingyenes napijegy egy alkalommal, a rajta felt\u00fcntetett szolg\u00e1ltat\u00e1sok ig\u00e9nybev\u00e9tel\u00e9re jogos\u00edt.<\/p>\n\n\n\n<p>Minden b\u00e9rlet a v\u00e1s\u00e1rl\u00e1st k\u00f6vet\u0151en 30 napig, a napijegy 1 felhaszn\u00e1l\u00e1sig \u00e9rv\u00e9nyes.<\/p>\n\n\n\n<p>Az APEX minden vend\u00e9ge k\u00f6teles egy alkalommal kit\u00f6lteni az internetes regisztr\u00e1ci\u00f3s adatlapot, melyben elfogadja az APEX h\u00e1zirendj\u00e9ben foglaltakat \u00e9s tudom\u00e1sul veszi, hogy annak betart\u00e1s\u00e1t az int\u00e9zm\u00e9ny munkat\u00e1rsai ellen\u0151rzik.<\/p>\n\n\n\n<p>Az APEX a vend\u00e9gekr\u0151l sz\u00e1m\u00edt\u00f3g\u00e9pes adatnyilv\u00e1ntart\u00e1st vezet. A sz\u00fcks\u00e9ges adatok k\u00f6zl\u00e9s\u00e9t r\u00e9szben vagy eg\u00e9szben megtagad\u00f3 vend\u00e9ggel szemben az \u00fczemeltet\u0151 jogosult megtagadni \u00e9rintett szolg\u00e1ltat\u00e1sait. Az \u00fczemeltet\u0151, a vend\u00e9gek adatait kiz\u00e1r\u00f3lag saj\u00e1t nyilv\u00e1ntart\u00e1s\u00e1hoz haszn\u00e1lja, azt semmilyen esetben harmadik f\u00e9lnek nem adja ki.<\/p>\n\n\n\n<p>A helyis\u00e9gek, eszk\u00f6z\u00f6k csak rendeltet\u00e9s\u00fcknek megfelel\u0151en, saj\u00e1t felel\u0151ss\u00e9gre haszn\u00e1lhat\u00f3k. Az APEX \u00fczemeltet\u0151je nem v\u00e1llal felel\u0151ss\u00e9get a szem\u00e9lyekben vagy anyagi \u00e9rt\u00e9kekben keletkezett k\u00e1rok\u00e9rt, amennyiben azok a h\u00e1zirend be nem tart\u00e1s\u00e1b\u00f3l, illetve a vend\u00e9gek felel\u0151tlen magatart\u00e1s\u00e1b\u00f3l erednek.<\/p>\n\n\n\n<p>Az APEX ter\u00fclet\u00e9n t\u00f6rt\u00e9nt balesetet vagy s\u00e9r\u00fcl\u00e9st k\u00e9rj\u00fck, azonnal jelezz\u00e9k az \u00fczemeltet\u0151 fel\u00e9, illetve a szem\u00e9lyi edz\u0151kn\u00e9l. Err\u0151l a szem\u00e9lyzet k\u00f6teles jegyz\u0151k\u00f6nyvet ki\u00e1ll\u00edtani.<\/p>\n\n\n\n<p>Az APEX \u00fczemeltet\u0151je nem v\u00e1llal felel\u0151ss\u00e9get az elveszett, eltulajdon\u00edtott t\u00e1rgyak\u00e9rt, eszk\u00f6z\u00f6k\u00e9rt. A vend\u00e9gek sz\u00e1m\u00e1ra \u00e9rt\u00e9kmeg\u0151rz\u0151 szekr\u00e9nyek \u00e1llnak rendelkez\u00e9sre d\u00edjmentesen.<\/p>\n\n\n\n<p>A teljes k\u00f6r\u0171 biztons\u00e1g \u00e9rdek\u00e9ben az APEX eg\u00e9sz ter\u00fclet\u00e9n z\u00e1rtl\u00e1nc\u00fa megfigyel\u0151 rendszer m\u0171k\u00f6dik.<\/p>\n\n\n\n<p>A tal\u00e1lt t\u00e1rgyakat minden vend\u00e9g az \u00fczemeltet\u0151 r\u00e9sz\u00e9re k\u00f6teles leadni.<\/p>\n\n\n\n<p>Az APEX haszn\u00e1l\u00f3ja nem s\u00e9rthet meg hat\u00e1lyos jogszab\u00e1lyi el\u0151\u00edr\u00e1sokat, valamint a jelen h\u00e1zirendben foglalt szab\u00e1lyokat, melyeket a jegyek vagy b\u00e9rletek megv\u00e1s\u00e1rl\u00e1s\u00e1val automatikusan elfogad.<\/p>\n\n\n\n<p>Az APEX ter\u00fclet\u00e9n minden vend\u00e9gre k\u00f6telez\u0151 \u00e9rv\u00e9ny\u0171 a rend \u00e9s a tisztas\u00e1g megtart\u00e1sa, alapvet\u0151 elv\u00e1r\u00e1s a m\u00e1sik vend\u00e9g tiszteletben tart\u00e1sa, a kultur\u00e1lt viselked\u00e9s.<\/p>\n\n\n\n<p>A sporttermek ter\u00fclet\u00e9re kiz\u00e1r\u00f3lag az adott teremben v\u00e9gezhet\u0151 sporttev\u00e9kenys\u00e9gnek megfelel\u0151, arra alkalmas sportfelszerel\u00e9sben lehet bel\u00e9pni, ital csak z\u00e1rhat\u00f3 m\u0171anyag palackban vihet\u0151 be. \u00c9tkezni kiz\u00e1r\u00f3lag az erre kialak\u00edtott el\u0151t\u00e9r ter\u00fclet\u00e9n lehet.<\/p>\n\n\n\n<p>A sportszolg\u00e1ltat\u00e1sok ig\u00e9nybev\u00e9telekor a mobiltelefon haszn\u00e1lat\u00e1t-a sporttev\u00e9kenys\u00e9g biztons\u00e1gos folytat\u00e1sa, valamint a t\u00f6bbi vend\u00e9g zavartalan kikapcsol\u00f3d\u00e1sa \u00e9rdek\u00e9ben k\u00e9rj\u00fck mell\u0151zni!<\/p>\n\n\n\n<p>A klub szolg\u00e1ltat\u00e1sait ig\u00e9nybe vev\u0151 vend\u00e9g r\u00e9sz\u00e9re az \u00fczemeltet\u0151 a ruhav\u00e1lt\u00e1shoz a nemenk\u00e9nt elk\u00fcl\u00f6n\u00edtett \u00f6lt\u00f6z\u0151kben egy \u00f6lt\u00f6z\u0151szekr\u00e9nyt biztos\u00edt.<\/p>\n\n\n\n<p>Az \u00f6lt\u00f6z\u0151szekr\u00e9nyek kulcs\u00e1t minden vend\u00e9g k\u00f6teles a t\u00e1voz\u00e1skor s\u00e9rtetlen\u00fcl az \u00f6lt\u00f6z\u0151szekr\u00e9nyben hagyni. Amennyiben az \u00f6lt\u00f6z\u0151szekr\u00e9ny t\u00e1rt \u00e1llapotban marad az \u00fczemeltet\u0151 jogosult azt felnyitni. Az \u00f6lt\u00f6z\u0151szekr\u00e9nyben t\u00e1rolt t\u00e1rgyak\u00e9rt az \u00fczemeltet\u0151 felel\u0151ss\u00e9get nem v\u00e1llal.<\/p>\n\n\n\n<p>A tagok sz\u00e1m\u00e1ra az \u00fczemeltet\u0151 ingyenes tiszt\u00edtott v\u00edzv\u00e9teli lehet\u0151s\u00e9get biztos\u00edt az APEX ter\u00fclet\u00e9n.<\/p>\n\n\n\n<p>AZ APEX TER\u00dcLET\u00c9N TILOS:<\/p>\n\n\n\n<ul class=\"wp-block-list\">\n<li>A szem\u00e9lyzet sz\u00e1m\u00e1ra fenntartott ter\u00fcletre enged\u00e9ly n\u00e9lk\u00fcl bel\u00e9pni<\/li>\n\n\n\n<li>A doh\u00e1nyz\u00e1s \u00e9s az alkohol fogyaszt\u00e1sa<\/li>\n\n\n\n<li>Olyan tev\u00e9kenys\u00e9g folytat\u00e1sa, amely az APEX szolg\u00e1ltat\u00e1si tev\u00e9kenys\u00e9g\u00e9n k\u00edv\u00fcl esik, jogszab\u00e1lyba \u00fctk\u00f6zik, illetve k\u00f6zerk\u00f6lcs\u00f6t s\u00e9rt<\/li>\n\n\n\n<li>Minden, m\u00e1sokat-er\u0151s zajjal, szaggal vagy egy\u00e9b k\u00f6rnyezeti \u00e1rtalommal j\u00e1r\u00f3-zavar\u00f3 tev\u00e9kenys\u00e9g<\/li>\n\n\n\n<li>Drogok, tiltott doppingszerek, narkotikumok fogyaszt\u00e1sa vagy ezekkel val\u00f3 vissza\u00e9l\u00e9s,<\/li>\n\n\n\n<li>B\u00e1rmely vesz\u00e9lyes anyag vagy t\u00e1rgy, mindenf\u00e9le szeszes ital bevitele<\/li>\n\n\n\n<li>Az \u00fczemeltet\u0151 enged\u00e9lye n\u00e9lk\u00fcl kereskedelmi tev\u00e9kenys\u00e9g folytat\u00e1sa, rekl\u00e1m, propaganda, sz\u00f3r\u00f3lapok elhelyez\u00e9se, tiltott szerencsej\u00e1t\u00e9k, zene szolg\u00e1ltat\u00e1sa<\/li>\n\n\n\n<li>K\u00e9p-\u00e9s hangr\u00f6gz\u00edt\u0151 berendez\u00e9s haszn\u00e1lata<\/li>\n\n\n\n<li>Politikai tev\u00e9kenys\u00e9g folytat\u00e1sa<\/li>\n\n\n\n<li>B\u00e1rmilyen \u00e1llat bevitele\u00a0<\/li>\n<\/ul>\n\n\n\n<p>Az APEX \u00fczemeltet\u0151je fenntartja a jogot a klub eg\u00e9sz vagy r\u00e9szter\u00fcletein z\u00e1rtk\u00f6r\u0171 rendezv\u00e9nyek bonyol\u00edt\u00e1s\u00e1ra az \u00e1ltal\u00e1nos vend\u00e9gk\u00f6r kiz\u00e1r\u00e1s\u00e1val.<\/p>\n\n\n\n<p>Az APEX \u00fczemeltet\u0151je fenntartja az esetleges id\u0151pont \u00e9s \u00f3rat\u00edpus, valamint \u00e1rai v\u00e1ltoztat\u00e1s\u00e1nak a jog\u00e1t.<\/p>\n\n\n\n<p>Az APEX eg\u00e9sz ter\u00fclet\u00e9n kiz\u00e1r\u00f3lag megfelel\u0151 v\u00e9gzetts\u00e9g\u0171, a klub szakmai vezet\u0151j\u00e9n\u00e9l nyilv\u00e1ntart\u00e1sba vett, oktat\u00f3k \u00e9s edz\u0151k jogosultak sportszakmai tev\u00e9kenys\u00e9get folytatni, oktat\u00e1st, edz\u00e9st tartani.<\/p>\n\n\n\n<p>NYITVATART\u00c1S<\/p>\n\n\n\n<p>Az APEX sport \u00e9s egy\u00e9b szolg\u00e1ltat\u00e1sai kiz\u00e1r\u00f3lag a klub nyitva tart\u00e1si idej\u00e9n bel\u00fcl vehet\u0151k ig\u00e9nybe.<\/p>\n\n\n\n<p>\u00dcnnepnapokon: az el\u0151re meghirdetett rend szerint<\/p>\n\n\n\n<p>Az APEX szolg\u00e1ltat\u00e1sait ig\u00e9nybe vev\u0151 vend\u00e9gek k\u00f6telesek a z\u00e1r\u00e1si id\u0151pontokra tekintettel a klubot legk\u00e9s\u0151bb a z\u00e1r\u00e1s id\u0151pontj\u00e1ban elhagyni.<\/p>\n\n\n\n<p>Az APEX nyitva tart\u00e1si rendje: 0-24 az \u00e9v minden napj\u00e1n.<\/p>\n\n\n\n<p>\u00d6LT\u00d6Z\u0150 HASZN\u00c1LAT<\/p>\n\n\n\n<p>Az \u00f6lt\u00f6z\u0151ben \u00e9s az \u00f6lt\u00f6z\u0151szekr\u00e9nyben hagyott t\u00e1rgyak\u00e9rt az \u00fczemeltet\u0151 semmilyen m\u00e9rt\u00e9kben felel\u0151ss\u00e9get nem v\u00e1llal, a vend\u00e9gek \u00e9rt\u00e9kt\u00e1rgyaikat a recepci\u00f3 mellett tal\u00e1lhat\u00f3 \u00e9rt\u00e9kmeg\u0151rz\u0151ben tudj\u00e1k elhelyezni d\u00edjmentesen.<\/p>\n\n\n\n<p>T\u00e1voz\u00e1s ut\u00e1n a szekr\u00e9nyekben szemetet hagyni tilos.<\/p>\n\n\n\n<p>FITNESS TEREM HASZN\u00c1LATA<\/p>\n\n\n\n<p>14 \u00e9ven aluli gyermek sz\u00fcl\u0151i fel\u00fcgyelettel sem tart\u00f3zkodhat az APEX k\u00fczd\u0151ter\u00fcleti teremi r\u00e9sz\u00e9n.<\/p>\n\n\n\n<p>Az APEX-be csak megfelel\u0151 sport \u00f6lt\u00f6zetben (sportcip\u0151, trik\u00f3, p\u00f3l\u00f3, top, sportnadr\u00e1g) lehet bel\u00e9pni \u00e9s edzeni. A papucsban, szand\u00e1lban illetve mez\u00edtl\u00e1b t\u00f6rt\u00e9n\u0151 edz\u00e9s nem enged\u00e9lyezett. Mindenf\u00e9le utcai viselet\u0171 cip\u0151 haszn\u00e1lata tilos. Az APEX ter\u00fclet\u00e9n dolgoz\u00f3 teremedz\u0151knek, szem\u00e9lyi edz\u0151knek \u00e9s vezet\u0151knek jogukban \u00e1ll felh\u00edvni a vend\u00e9gek figyelm\u00e9t a megfelel\u0151 sport\u00f6lt\u00f6zet haszn\u00e1lat\u00e1ra.<\/p>\n\n\n\n<p>Az edz\u0151g\u00e9peket \u00e9s eszk\u00f6z\u00f6ket kiz\u00e1r\u00f3lag rendeltet\u00e9s\u00fcknek megfelel\u0151en, mindenki az alkat\u00e1nak \u00e9s er\u0151nl\u00e9t\u00e9nek megfelel\u0151en, saj\u00e1t felel\u0151ss\u00e9g\u00e9re haszn\u00e1lhatja.<\/p>\n\n\n\n<p>A higi\u00e9nia \u00e9s a kellemes k\u00f6rnyezet meg\u0151rz\u00e9se \u00e9rdek\u00e9ben k\u00e9rj\u00fck, haszn\u00e1ljanak t\u00f6r\u00f6lk\u00f6z\u0151t \u00e9s haszn\u00e1lat ut\u00e1n fert\u0151tlen\u00edts\u00e9k a g\u00e9peket vagy egy\u00e9b haszn\u00e1lati t\u00e1rgyakat \u00e9s haszn\u00e1lj\u00e1k szem\u00e9tkosarakat.<\/p>\n\n\n\n<p>A g\u00e9pek \u00e9s eszk\u00f6z\u00f6k haszn\u00e1lat\u00e1t k\u00f6vet\u0151en a g\u00e9peket alaphelyzetbe vissza\u00e1ll\u00edtva, az eszk\u00f6z\u00f6ket rendszeres\u00edtett t\u00e1rol\u00f3 hely\u00fckre visszahelyezve k\u00f6teles h\u00e1tra hagyni.<\/p>\n\n\n\n<p>Az eszk\u00f6z\u00f6k haszn\u00e1lat\u00e1t a teremedz\u0151k seg\u00edtik \u00e9s ellen\u0151rzik.<\/p>\n\n\n\n<p>A k\u00e9zi s\u00falyz\u00f3kat, t\u00e1rcs\u00e1kat haszn\u00e1lat ut\u00e1n a haszn\u00e1l\u00f3 k\u00f6teles a hely\u00e9re visszatenni.<\/p>\n\n\n\n<p>A s\u00falyz\u00f3kat a padl\u00f3ra ledobni szigor\u00faan tilos.<\/p>\n\n\n\n<p>Z\u00c1R\u00d3 RENDELKEZ\u00c9SEK<\/p>\n\n\n\n<p>Jelen h\u00e1zirend szab\u00e1lyainak, illet\u0151leg az \u00e1ltal\u00e1nosan elfogadott viselked\u00e9si szab\u00e1lyok megszeg\u00e9se eset\u00e9n az \u00fczemeltet\u0151 figyelmeztet\u00e9ssel \u00e9lhet a szab\u00e1lytalankod\u00f3 fel\u00e9, eredm\u00e9nytelens\u00e9g eset\u00e9n az \u00fczemeltet\u0151 jogosult a vend\u00e9get t\u00e1voz\u00e1sra felsz\u00f3l\u00edtani, illetve tagjai sor\u00e1b\u00f3l \u2013 id\u0151legesen vagy v\u00e9glegesen \u2013 kiz\u00e1rni. Az \u00fczemeltet\u0151 int\u00e9zked\u00e9si jogosults\u00e1g\u00e1t meghalad\u00f3 esetekben jogosult a rend\u0151rs\u00e9g, illet\u0151leg m\u00e1s hat\u00f3s\u00e1gi szerv seg\u00edts\u00e9g\u00e9t k\u00e9rni.<\/p>\n\n\n\n<p>A kiutas\u00edtott szab\u00e1lytalankod\u00f3 vend\u00e9g az \u00fczemeltet\u0151vel szemben semmilyen k\u00f6vetel\u00e9ssel nem \u00e9lhet.<\/p>\n\n\n\n<p>A bel\u00e9ptet\u0151rendszer nem rendeltet\u00e9s szer\u0171 haszn\u00e1lata, a b\u00e9rletek \u00fczemeltet\u0151 \u00edr\u00e1sos enged\u00e9lye n\u00e9lk\u00fcli \u00e1truh\u00e1z\u00e1sa s\u00falyos kih\u00e1g\u00e1snak sz\u00e1m\u00edt \u00e9s azonnali b\u00e9rletmegvon\u00e1st, tov\u00e1bb\u00e1 p\u00e9nzb\u00fcntet\u00e9st von maga ut\u00e1n. A p\u00e9nzb\u00fcntet\u00e9s m\u00e9rt\u00e9ke a mindenkori korl\u00e1tlan b\u00e9rlet brutt\u00f3 \u00e9rt\u00e9k\u00e9nek 3 szorosa!<\/p>\n\n\n\n<p>Mi t\u00f6reksz\u00fcnk a k\u00f6rnyezet\u00fcnk meg\u00f3v\u00e1s\u00e1ra, k\u00e9lek tedd ezt te is \u00e9s a vizes helys\u00e9geket csak a kell\u0151 m\u00e9rt\u00e9kben haszn\u00e1ld, ha hib\u00e1san m\u0171k\u00f6d\u0151 eszk\u00f6zt tal\u00e1lsz k\u00e9rlek azonnal jelezd koll\u00e9g\u00e1inknak.<\/p>\n\n\n\n<p>E h\u00e1zirendet az \u00fczemeltet\u0151 saj\u00e1t bel\u00e1t\u00e1sa szerint m\u00f3dos\u00edthatja, illet\u0151leg kieg\u00e9sz\u00edtheti.<\/p>\n\n\n\n<p>A h\u00e1zirend nem ismerete nem mentes\u00edt annak betart\u00e1sa al\u00f3l!<\/p>\n<\/div>\n<\/div><\/div>","protected":false},"excerpt":{"rendered":"","protected":false},"author":1,"featured_media":0,"parent":0,"menu_order":0,"comment_status":"closed","ping_status":"closed","template":"","meta":{"neve_meta_sidebar":"","neve_meta_container":"","neve_meta_enable_content_width":"","neve_meta_content_width":0,"neve_meta_title_alignment":"","neve_meta_author_avatar":"","neve_post_elements_order":"","neve_meta_disable_header":"","neve_meta_disable_footer":"","neve_meta_disable_title":"","_themeisle_gutenberg_block_has_review":false,"_ti_tpc_template_sync":false,"_ti_tpc_template_id":"","footnotes":""},"class_list":["post-398","page","type-page","status-publish","hentry"],"_links":{"self":[{"href":"https:\/\/apexgym.hu\/en\/wp-json\/wp\/v2\/pages\/398","targetHints":{"allow":["GET"]}}],"collection":[{"href":"https:\/\/apexgym.hu\/en\/wp-json\/wp\/v2\/pages"}],"about":[{"href":"https:\/\/apexgym.hu\/en\/wp-json\/wp\/v2\/types\/page"}],"author":[{"embeddable":true,"href":"https:\/\/apexgym.hu\/en\/wp-json\/wp\/v2\/users\/1"}],"replies":[{"embeddable":true,"href":"https:\/\/apexgym.hu\/en\/wp-json\/wp\/v2\/comments?post=398"}],"version-history":[{"count":2,"href":"https:\/\/apexgym.hu\/en\/wp-json\/wp\/v2\/pages\/398\/revisions"}],"predecessor-version":[{"id":1014,"href":"https:\/\/apexgym.hu\/en\/wp-json\/wp\/v2\/pages\/398\/revisions\/1014"}],"wp:attachment":[{"href":"https:\/\/apexgym.hu\/en\/wp-json\/wp\/v2\/media?parent=398"}],"curies":[{"name":"wp","href":"https:\/\/api.w.org\/{rel}","templated":true}]}}